{"id":901,"date":"2022-08-18T11:33:39","date_gmt":"2022-08-18T14:33:39","guid":{"rendered":"http:\/\/localhost\/g3inspecao\/queimados?page_id=901"},"modified":"2022-09-01T18:02:04","modified_gmt":"2022-09-01T21:02:04","slug":"automovel-com-sistema-de-gnv-instalado","status":"publish","type":"page","link":"https:\/\/www.g3inspecaognv.com.br\/queimados\/automovel-com-sistema-de-gnv-instalado\/","title":{"rendered":"Autom\u00f3vel com Sistema de GNV Instalado"},"content":{"rendered":"<p>[vc_row][vc_column width=&#8221;1\/6&#8243;][\/vc_column][vc_column width=&#8221;2\/3&#8243;][vc_empty_space height=&#8221;50px&#8221;]\n    <div class=\"wprt-headings style-1 clearfix text-left \">\n        <h2 class=\"heading \" >Autom\u00f3vel com Sistema de GNV Instalado;<\/h2>\n                    <div class=\"sep clearfix\"><\/div>\n        \n            <\/div>\n        \n[vc_empty_space height=&#8221;50px&#8221;][vc_column_text]Ap\u00f3s instalar o sistema GNV no autom\u00f3vel, \u00e9 necess\u00e1rio agendar uma inspe\u00e7\u00e3o para realizar a homologa\u00e7\u00e3o do kit g\u00e1s de modo a assegurar boas condi\u00e7\u00f5es de circula\u00e7\u00e3o.<\/p>\n<p><strong>Veja os tr\u00eas tipos de inspe\u00e7\u00e3o do GNV:<\/strong><\/p>\n<p><strong>Instala\u00e7\u00e3o (1\u00aa vez)<\/strong><br \/>\nA primeira instala\u00e7\u00e3o deve ser autorizada pelo Detran. Depois, com o autom\u00f3vel modificado, o propriet\u00e1rio deve procurar uma empresa acreditada pelo Inmetro, como a G3 Inspe\u00e7\u00e3o de Seguran\u00e7a Veicular, para realizar a homologa\u00e7\u00e3o do sistema GNV.<br \/>\nNa inspe\u00e7\u00e3o \u00e9 verificado se o autom\u00f3vel atende \u00e0s normas e regulamentos exigidos para uso do g\u00e1s natural veicular. Caso tudo esteja em pleno funcionamento, o autom\u00f3vel recebe a homologa\u00e7\u00e3o GNV, que dever\u00e1 ser renovada anualmente.<\/p>\n<p><strong>Anual<\/strong><br \/>\nAp\u00f3s a instala\u00e7\u00e3o e da primeira vistoria, a vistoria GNV dever\u00e1 ser renovada anualmente. Al\u00e9m do kit g\u00e1s s\u00e3o analisados outros equipamentos. Esse compromisso garante o bom funcionamento do autom\u00f3vel e a seguran\u00e7a do motorista e dos seus passageiros.<\/p>\n<p><strong>Retirada do kit g\u00e1s<\/strong><br \/>\nAp\u00f3s a remo\u00e7\u00e3o do kit g\u00e1s em uma empresa especializada, \u00e9 preciso realizar um checkup completo dos itens de seguran\u00e7a. Se aprovado, \u00e9 emitido um Certificado de Inspe\u00e7\u00e3o e Certificado de Seguran\u00e7a Veicular que dever\u00e3o ser encaminhados para o Detran para regularizar o autom\u00f3vel.<\/p>\n<p><strong>Fa\u00e7a a inspe\u00e7\u00e3o do GNV do seu autom\u00f3vel na G3 Inspe\u00e7\u00e3o de Seguran\u00e7a Veicular.<\/strong><br \/>\nSomos uma empresa composta por profissionais experientes e temos a infraestrutura ideal para realizar a inspe\u00e7\u00e3o do GNV do seu autom\u00f3vel de maneira segura e eficiente.[\/vc_column_text][vc_empty_space height=&#8221;50px&#8221;][vc_empty_space height=&#8221;50px&#8221;][\/vc_column][vc_column width=&#8221;1\/6&#8243;][\/vc_column][\/vc_row]<\/p>\n","protected":false},"excerpt":{"rendered":"<p>[vc_row][vc_column width=&#8221;1\/6&#8243;][\/vc_column][vc_column width=&#8221;2\/3&#8243;][vc_empty_space height=&#8221;50px&#8221;][vc_empty_space height=&#8221;50px&#8221;][vc_column_text]Ap\u00f3s instalar o sistema GNV no autom\u00f3vel, \u00e9 necess\u00e1rio agendar uma inspe\u00e7\u00e3o para realizar a homologa\u00e7\u00e3o do kit g\u00e1s de modo a assegurar boas condi\u00e7\u00f5es de circula\u00e7\u00e3o. Veja os tr\u00eas tipos de inspe\u00e7\u00e3o do GNV: Instala\u00e7\u00e3o (1\u00aa vez) A primeira instala\u00e7\u00e3o deve ser autorizada pelo Detran. Depois, com o autom\u00f3vel modificado, [&hellip;]<\/p>\n","protected":false},"author":1,"featured_media":0,"parent":0,"menu_order":0,"comment_status":"closed","ping_status":"closed","template":"page-templates\/template-fullwidth.php","meta":{"footnotes":""},"class_list":["post-901","page","type-page","status-publish","hentry"],"_links":{"self":[{"href":"https:\/\/www.g3inspecaognv.com.br\/queimados\/wp-json\/wp\/v2\/pages\/901","targetHints":{"allow":["GET"]}}],"collection":[{"href":"https:\/\/www.g3inspecaognv.com.br\/queimados\/wp-json\/wp\/v2\/pages"}],"about":[{"href":"https:\/\/www.g3inspecaognv.com.br\/queimados\/wp-json\/wp\/v2\/types\/page"}],"author":[{"embeddable":true,"href":"https:\/\/www.g3inspecaognv.com.br\/queimados\/wp-json\/wp\/v2\/users\/1"}],"replies":[{"embeddable":true,"href":"https:\/\/www.g3inspecaognv.com.br\/queimados\/wp-json\/wp\/v2\/comments?post=901"}],"version-history":[{"count":4,"href":"https:\/\/www.g3inspecaognv.com.br\/queimados\/wp-json\/wp\/v2\/pages\/901\/revisions"}],"predecessor-version":[{"id":1095,"href":"https:\/\/www.g3inspecaognv.com.br\/queimados\/wp-json\/wp\/v2\/pages\/901\/revisions\/1095"}],"wp:attachment":[{"href":"https:\/\/www.g3inspecaognv.com.br\/queimados\/wp-json\/wp\/v2\/media?parent=901"}],"curies":[{"name":"wp","href":"https:\/\/api.w.org\/{rel}","templated":true}]}}