{"id":811,"date":"2022-08-17T13:39:34","date_gmt":"2022-08-17T16:39:34","guid":{"rendered":"http:\/\/localhost\/g3inspecao\/queimados?page_id=811"},"modified":"2022-09-06T10:10:15","modified_gmt":"2022-09-06T13:10:15","slug":"home","status":"publish","type":"page","link":"https:\/\/www.g3inspecaognv.com.br\/queimados\/","title":{"rendered":"Home"},"content":{"rendered":"<p>[vc_row fullwidth=&#8221;yes&#8221; el_id=&#8221;desktop&#8221;][vc_column offset=&#8221;vc_hidden-md vc_hidden-sm vc_hidden-xs&#8221;][rev_slider_vc alias=&#8221;Unidade-Paracambi&#8221;][vc_empty_space height=&#8221;50px&#8221;][\/vc_column][\/vc_row][vc_row fullwidth=&#8221;yes&#8221; el_id=&#8221;mobile&#8221;][vc_column offset=&#8221;vc_hidden-lg&#8221;][rev_slider_vc alias=&#8221;unidade-paracambi-desktop-1&#8243;][vc_empty_space height=&#8221;50px&#8221;][\/vc_column][\/vc_row][vc_row css=&#8221;.vc_custom_1660763837755{padding-bottom: 90px !important;}&#8221;][vc_column][vc_empty_space height=&#8221;50px&#8221;]\n    <div class=\"wprt-headings style-1 clearfix text-center \">\n        <h2 class=\"heading \" >Nossas Avalia\u00e7\u00f5es<\/h2>\n                    <div class=\"sep clearfix\"><\/div>\n        \n            <\/div>\n        \n[vc_empty_space height=&#8221;50px&#8221;][vc_raw_html]JTVCdHJ1c3RpbmRleCUyMG5vLXJlZ2lzdHJhdGlvbiUzRGdvb2dsZSU1RA==[\/vc_raw_html][\/vc_column][\/vc_row][vc_row][vc_column offset=&#8221;vc_col-lg-7&#8243;][vc_column_text]<\/p>\n<div class=\"wprt-spacer clearfix\" data-desktop=\"104\" data-mobi=\"60\" data-smobi=\"60\"><\/div>\n<p>[\/vc_column_text]\n    <div class=\"wprt-headings style-1 clearfix text-left \">\n        <h2 class=\"heading \" >Fa\u00e7a Anualmente sua Inspe\u00e7\u00e3o Veicular.<\/h2>\n                    <div class=\"sep clearfix\"><\/div>\n        \n            <\/div>\n        \n[vc_tta_tabs active_section=&#8221;1&#8243; css=&#8221;.vc_custom_1533119723666{margin-top: 40px !important;}&#8221;][vc_tta_section title=&#8221;Inspe\u00e7\u00e3o Peri\u00f3dica&#8221; tab_id=&#8221;1533118030126-cf7b98cd-6cc0&#8243;][vc_column_text]<\/p>\n<h5>Documentos Necess\u00e1rios<\/h5>\n<p>A vistoria GNV \u00e9 uma inspe\u00e7\u00e3o obrigat\u00f3ria anual para todos os ve\u00edculos que foram convertidos para o sistema de g\u00e1s natural veicular. O objetivo do processo \u00e9 avaliar as condi\u00e7\u00f5es de seguran\u00e7a do autom\u00f3vel. Confira a lista de documentos necess\u00e1rios para a vistoria peri\u00f3dica<\/p>\n<ul class=\"wprt-list style-1\">\n<li><i class=\"fa fa-check\"><\/i> CRLV;<\/li>\n<li><i class=\"fa fa-check\"><\/i> CNH do Condutor;<\/li>\n<li><i class=\"fa fa-check\"><\/i> Selo G\u00e1s Natural Vigente;<\/li>\n<li><i class=\"fa fa-check\"><\/i>Certificado de Requalifica\u00e7\u00e3o do Cilindro e Nota Fiscal (se houver);<\/li>\n<li><i class=\"fa fa-check\"><\/i>Notas Fiscais e Atestado de Qualidade em Caso de Altera\u00e7\u00e3o do Redutor ou do Cilindro<\/li>\n<\/ul>\n<p>[\/vc_column_text][\/vc_tta_section][vc_tta_section title=&#8221;Inspe\u00e7\u00e3o Inicial&#8221; tab_id=&#8221;1533118366185-351aa9ea-c8b5&#8243;][vc_column_text]<\/p>\n<h5>Documentos Necess\u00e1rios<\/h5>\n<p>A vistoria GNV \u00e9 uma inspe\u00e7\u00e3o obrigat\u00f3ria anual para todos os ve\u00edculos que foram convertidos para o sistema de g\u00e1s natural veicular. O objetivo do processo \u00e9 avaliar as condi\u00e7\u00f5es de seguran\u00e7a do autom\u00f3vel. Confira a lista de documentos necess\u00e1rios para a primeira vistoria<\/p>\n<ul class=\"wprt-list style-1\">\n<li><i class=\"fa fa-check\"><\/i> CRLV;<\/li>\n<li><i class=\"fa fa-check\"><\/i> CNH do Condutor;<\/li>\n<li><i class=\"fa fa-check\"><\/i>Certificado de Conformidade do Cilindro;<\/li>\n<li><i class=\"fa fa-check\"><\/i>Atestado de Qualidade do Convertedor Homologado;<\/li>\n<li><i class=\"fa fa-check\"><\/i>Autoriza\u00e7\u00e3o Pr\u00e9via do DETRAN RJ<\/li>\n<\/ul>\n<p>[\/vc_column_text][\/vc_tta_section][\/vc_tta_tabs][vc_column_text]<\/p>\n<div class=\"wprt-spacer clearfix\" data-desktop=\"0\" data-mobi=\"35\" data-smobi=\"35\"><\/div>\n<p>[\/vc_column_text][\/vc_column][vc_column offset=&#8221;vc_col-lg-5&#8243;][vc_single_image image=&#8221;1138&#8243; img_size=&#8221;full&#8221; css=&#8221;.vc_custom_1662469517155{padding-top: 30px !important;}&#8221;][\/vc_column][\/vc_row][vc_row css=&#8221;.vc_custom_1660763837755{padding-bottom: 90px !important;}&#8221;][vc_column][vc_empty_space height=&#8221;50px&#8221;]\n    <div class=\"wprt-headings style-1 clearfix text-center \">\n        <h2 class=\"heading \" >Inspe\u00e7\u00f5es Habilitadas<\/h2>\n                    <div class=\"sep clearfix\"><\/div>\n        \n            <\/div>\n        \n[\/vc_column][\/vc_row][vc_row][vc_column width=&#8221;1\/2&#8243;]\n        <div class=\"wprt-icon-box clearfix has-width style-7 icon-left grey-outline \">\n        <div class=\"icon-wrap\">\n                        <img decoding=\"async\" src=\"https:\/\/www.g3inspecaognv.com.br\/queimados\/wp-content\/uploads\/2022\/08\/carro.png\" alt=\"\">\n                    <\/div>\n        <h3 class=\"heading\">Autom\u00f3vel<\/h3>\n\n        <div class=\"desc\"><p>A G3 est\u00e1 habilitada a realizar inspe\u00e7\u00f5es em autom\u00f3vel com sistema de GNV Instalado;<\/p>\n<\/div>\n\n        <div class=\"elm-btn\">\n            <a class=\"simple-link font-heading\" href=\"http:\/\/localhost\/g3inspecao\/\" target=\"_self\"><\/a>        <\/div>\n    <\/div>\n    \n[vc_empty_space height=&#8221;60px&#8221;][\/vc_column][vc_column width=&#8221;1\/2&#8243;]\n        <div class=\"wprt-icon-box clearfix has-width style-7 icon-left grey-outline \">\n        <div class=\"icon-wrap\">\n                        <img decoding=\"async\" src=\"https:\/\/www.g3inspecaognv.com.br\/queimados\/wp-content\/uploads\/2022\/08\/caminhonete.png\" alt=\"\">\n                    <\/div>\n        <h3 class=\"heading\">Caminhonete<\/h3>\n\n        <div class=\"desc\"><p>A G3 est\u00e1 habilitada a realizar inspe\u00e7\u00f5es em caminhonete com sistema de GNV Instalado;<\/p>\n<\/div>\n\n        <div class=\"elm-btn\">\n                    <\/div>\n    <\/div>\n    \n[vc_empty_space height=&#8221;60px&#8221;][\/vc_column][\/vc_row][vc_row][vc_column width=&#8221;1\/2&#8243;]\n        <div class=\"wprt-icon-box clearfix has-width style-7 icon-left grey-outline \">\n        <div class=\"icon-wrap\">\n                        <img decoding=\"async\" src=\"https:\/\/www.g3inspecaognv.com.br\/queimados\/wp-content\/uploads\/2022\/08\/utilitarios.png\" alt=\"\">\n                    <\/div>\n        <h3 class=\"heading\">Utilit\u00e1rios<\/h3>\n\n        <div class=\"desc\"><p>A G3 est\u00e1 habilitada a realizar inspe\u00e7\u00f5es em Utilit\u00e1rios com sistema de GNV Instalado;<\/p>\n<\/div>\n\n        <div class=\"elm-btn\">\n                    <\/div>\n    <\/div>\n    \n[\/vc_column][vc_column width=&#8221;1\/2&#8243;]\n        <div class=\"wprt-icon-box clearfix has-width style-7 icon-left grey-outline \">\n        <div class=\"icon-wrap\">\n                        <img decoding=\"async\" src=\"https:\/\/www.g3inspecaognv.com.br\/queimados\/wp-content\/uploads\/2022\/08\/camioneta.png\" alt=\"\">\n                    <\/div>\n        <h3 class=\"heading\">Camioneta<\/h3>\n\n        <div class=\"desc\"><p>A G3 est\u00e1 habilitada a realizar inspe\u00e7\u00f5es em camioneta com sistema de GNV Instalado;<\/p>\n<\/div>\n\n        <div class=\"elm-btn\">\n                    <\/div>\n    <\/div>\n    \n[\/vc_column][\/vc_row][vc_row][vc_column width=&#8221;2\/3&#8243;][vc_empty_space height=&#8221;100px&#8221;]\n    <div class=\"wprt-headings style-1 clearfix text-left \">\n        <h2 class=\"heading \" >Perguntas Frequentes<\/h2>\n                    <div class=\"sep clearfix\"><\/div>\n        \n            <\/div>\n        \n\n    <div class=\"wprt-accordions style-2 \">\n                <div class=\"accordion-item no-icon active\">\n            <h3 class=\"accordion-heading\">\n                <span class=\"inner\">Quais Itens s\u00e3o Examinados na Vistoria?<\/span>\n            <\/h3>\n            <div class=\"accordion-content\">\n                Os principais itens verificados s\u00e3o:<br>\n<br>\n<strong>Pneus:<\/strong> s\u00e3o verificadas as condi\u00e7\u00f5es de uso e a integridade dos componentes. Os chamados \u201cpneus carecas\u201d s\u00e3o aqueles que apresentam desgaste abaixo da marca\u00e7\u00e3o TWI (que indica o limite m\u00e1ximo de uso do pneu);<br>\n<br>\n<strong>Ilumina\u00e7\u00e3o:<\/strong> s\u00e3o verificados todos os itens de sinaliza\u00e7\u00e3o e ilumina\u00e7\u00e3o do ve\u00edculo, como setas de dire\u00e7\u00e3o, lanternas, far\u00f3is, etc;<br>\n<br>\n<strong>Suspens\u00e3o:<\/strong> \u00e9 verificada a efic\u00e1cia do alinhamento do ve\u00edculo, suspens\u00e3o e freios. Para isso, s\u00e3o utilizados equipamentos automatizados para medir a press\u00e3o dos amortecedores, condi\u00e7\u00f5es de frenagem e alinhamento de rodas e suspens\u00e3o.<br>            <\/div>\n        <\/div>\n                <div class=\"accordion-item no-icon \">\n            <h3 class=\"accordion-heading\">\n                <span class=\"inner\">Quais as Caracter\u00edsticas Necess\u00e1rias para Modificar a Suspen\u00e7\u00e3o<\/span>\n            <\/h3>\n            <div class=\"accordion-content\">\n                Dever\u00e3o obedecer a resolu\u00e7\u00e3o n\u00b0 479 de 20 de mar\u00e7o de 2014 do Contran. O sistema de suspens\u00e3o poder\u00e1 ser fixo ou regul\u00e1vel e dever\u00e1 ter altura m\u00ednima de 100mm (10cm) medidos verticalmente do solo ao ponto mais baixo da carroceria ou chassi, conforme Anexo I da pr\u00f3pria resolu\u00e7\u00e3o.            <\/div>\n        <\/div>\n                <div class=\"accordion-item no-icon \">\n            <h3 class=\"accordion-heading\">\n                <span class=\"inner\">\u00c9 Poss\u00edvel Adulterar o GNV?<\/span>\n            <\/h3>\n            <div class=\"accordion-content\">\n                N\u00c3O! Al\u00e9m da vantagem de ser mais barato o GNV tamb\u00e9m tem a vantagem de ser o \u00fanico combust\u00edvel que n\u00e3o pode ser fraudado. Ap\u00f3s ter a sua qualidade testada, o GNV sai da distribuidora para o posto por meio de dutos ficando armazenado sob alta press\u00e3o, por essa raz\u00e3o n\u00e3o \u00e9 poss\u00edvel romper o sistema para alterar as suas caracter\u00edsticas.            <\/div>\n        <\/div>\n            <\/div>\n        \n[vc_empty_space height=&#8221;100px&#8221;][\/vc_column][vc_column width=&#8221;1\/3&#8243;][vc_empty_space height=&#8221;100px&#8221;]\n    <div class=\"wprt-headings style-1 clearfix text-left \">\n        <h2 class=\"heading \" >Entre em Contato<\/h2>\n                    <div class=\"sep clearfix\"><\/div>\n        \n                    <div class=\"sub-heading clearfix\"><p>Restou alguma duvida? Entre em contato com nossa equipe!<\/p>\n<\/div>\n            <\/div>\n        \n\n<div class=\"wpcf7 no-js\" id=\"wpcf7-f977-o1\" lang=\"pt-BR\" dir=\"ltr\">\n<div class=\"screen-reader-response\"><p role=\"status\" aria-live=\"polite\" aria-atomic=\"true\"><\/p> <ul><\/ul><\/div>\n<form action=\"\/queimados\/wp-json\/wp\/v2\/pages\/811#wpcf7-f977-o1\" method=\"post\" class=\"wpcf7-form init\" aria-label=\"Formul\u00e1rios de contato\" novalidate=\"novalidate\" data-status=\"init\">\n<div style=\"display: none;\">\n<input type=\"hidden\" name=\"_wpcf7\" value=\"977\" \/>\n<input type=\"hidden\" name=\"_wpcf7_version\" value=\"5.8.7\" \/>\n<input type=\"hidden\" name=\"_wpcf7_locale\" value=\"pt_BR\" \/>\n<input type=\"hidden\" name=\"_wpcf7_unit_tag\" value=\"wpcf7-f977-o1\" \/>\n<input type=\"hidden\" name=\"_wpcf7_container_post\" value=\"0\" \/>\n<input type=\"hidden\" name=\"_wpcf7_posted_data_hash\" value=\"\" \/>\n<\/div>\n<div class=\"wprt-contact-form style-1 margin-top-10\">\n\t<p><span class=\"wpcf7-form-control-wrap\" data-name=\"your-name\"><input size=\"40\" class=\"wpcf7-form-control wpcf7-text wpcf7-validates-as-required\" aria-required=\"true\" aria-invalid=\"false\" placeholder=\"Nome *\" value=\"\" type=\"text\" name=\"your-name\" \/><\/span>\n\t<\/p>\n\t<p><span class=\"wpcf7-form-control-wrap\" data-name=\"your-email\"><input size=\"40\" class=\"wpcf7-form-control wpcf7-email wpcf7-validates-as-required wpcf7-text wpcf7-validates-as-email\" aria-required=\"true\" aria-invalid=\"false\" placeholder=\"Email *\" value=\"\" type=\"email\" name=\"your-email\" \/><\/span>\n\t<\/p>\n\t<p><span class=\"wpcf7-form-control-wrap\" data-name=\"your-tel\"><input size=\"40\" class=\"wpcf7-form-control wpcf7-tel wpcf7-validates-as-required wpcf7-text wpcf7-validates-as-tel\" aria-required=\"true\" aria-invalid=\"false\" placeholder=\"Telefone\/WhatsApp *\" value=\"\" type=\"tel\" name=\"your-tel\" \/><\/span>\n\t<\/p>\n\t<p><span class=\"wpcf7-form-control-wrap\" data-name=\"your-message\"><textarea cols=\"3\" rows=\"3\" class=\"wpcf7-form-control wpcf7-textarea wpcf7-validates-as-required\" aria-required=\"true\" aria-invalid=\"false\" placeholder=\"Mensagem *\" name=\"your-message\"><\/textarea><\/span>\n\t<\/p>\n\t<p><input class=\"wpcf7-form-control wpcf7-submit has-spinner submit\" type=\"submit\" value=\"Enviar\" \/>\n\t<\/p>\n<\/div><div class=\"wpcf7-response-output\" aria-hidden=\"true\"><\/div>\n<\/form>\n<\/div>\n[vc_empty_space height=&#8221;100px&#8221;][\/vc_column][\/vc_row]<\/p>\n","protected":false},"excerpt":{"rendered":"<p>[vc_row fullwidth=&#8221;yes&#8221; el_id=&#8221;desktop&#8221;][vc_column offset=&#8221;vc_hidden-md vc_hidden-sm vc_hidden-xs&#8221;][rev_slider_vc alias=&#8221;Unidade-Paracambi&#8221;][vc_empty_space height=&#8221;50px&#8221;][\/vc_column][\/vc_row][vc_row fullwidth=&#8221;yes&#8221; el_id=&#8221;mobile&#8221;][vc_column offset=&#8221;vc_hidden-lg&#8221;][rev_slider_vc alias=&#8221;unidade-paracambi-desktop-1&#8243;][vc_empty_space height=&#8221;50px&#8221;][\/vc_column][\/vc_row][vc_row css=&#8221;.vc_custom_1660763837755{padding-bottom: 90px !important;}&#8221;][vc_column][vc_empty_space height=&#8221;50px&#8221;][vc_empty_space height=&#8221;50px&#8221;][vc_raw_html]JTVCdHJ1c3RpbmRleCUyMG5vLXJlZ2lzdHJhdGlvbiUzRGdvb2dsZSU1RA==[\/vc_raw_html][\/vc_column][\/vc_row][vc_row][vc_column offset=&#8221;vc_col-lg-7&#8243;][vc_column_text] [\/vc_column_text][vc_tta_tabs active_section=&#8221;1&#8243; css=&#8221;.vc_custom_1533119723666{margin-top: 40px !important;}&#8221;][vc_tta_section title=&#8221;Inspe\u00e7\u00e3o Peri\u00f3dica&#8221; tab_id=&#8221;1533118030126-cf7b98cd-6cc0&#8243;][vc_column_text] Documentos Necess\u00e1rios A vistoria GNV \u00e9 uma inspe\u00e7\u00e3o obrigat\u00f3ria anual para todos os ve\u00edculos que foram convertidos para o sistema de g\u00e1s natural veicular. O objetivo do processo [&hellip;]<\/p>\n","protected":false},"author":1,"featured_media":0,"parent":0,"menu_order":0,"comment_status":"closed","ping_status":"closed","template":"page-templates\/template-canvas.php","meta":{"footnotes":""},"class_list":["post-811","page","type-page","status-publish","hentry"],"_links":{"self":[{"href":"https:\/\/www.g3inspecaognv.com.br\/queimados\/wp-json\/wp\/v2\/pages\/811","targetHints":{"allow":["GET"]}}],"collection":[{"href":"https:\/\/www.g3inspecaognv.com.br\/queimados\/wp-json\/wp\/v2\/pages"}],"about":[{"href":"https:\/\/www.g3inspecaognv.com.br\/queimados\/wp-json\/wp\/v2\/types\/page"}],"author":[{"embeddable":true,"href":"https:\/\/www.g3inspecaognv.com.br\/queimados\/wp-json\/wp\/v2\/users\/1"}],"replies":[{"embeddable":true,"href":"https:\/\/www.g3inspecaognv.com.br\/queimados\/wp-json\/wp\/v2\/comments?post=811"}],"version-history":[{"count":33,"href":"https:\/\/www.g3inspecaognv.com.br\/queimados\/wp-json\/wp\/v2\/pages\/811\/revisions"}],"predecessor-version":[{"id":1139,"href":"https:\/\/www.g3inspecaognv.com.br\/queimados\/wp-json\/wp\/v2\/pages\/811\/revisions\/1139"}],"wp:attachment":[{"href":"https:\/\/www.g3inspecaognv.com.br\/queimados\/wp-json\/wp\/v2\/media?parent=811"}],"curies":[{"name":"wp","href":"https:\/\/api.w.org\/{rel}","templated":true}]}}