{"id":68,"date":"2018-07-19T07:22:21","date_gmt":"2018-07-19T10:22:21","guid":{"rendered":"http:\/\/localhost\/autoser\/?page_id=68"},"modified":"2022-09-05T14:05:58","modified_gmt":"2022-09-05T17:05:58","slug":"contato","status":"publish","type":"page","link":"https:\/\/www.g3inspecaognv.com.br\/queimados\/contato\/","title":{"rendered":"Contato"},"content":{"rendered":"<p>[vc_row][vc_column width=&#8221;1\/4&#8243;]\n    <div class=\"wprt-headings style-1 clearfix text-left \">\n        <h3 class=\"heading \" >Mais Informa\u00e7\u00f5es<\/h3>\n                    <div class=\"sep clearfix\"><\/div>\n        \n            <\/div>\n        \n[vc_empty_space height=&#8221;40px&#8221;]\n    <div class=\"wprt-icon-box style-5 clearfix icon-left w50 accent-outline outline-type align-left rounded-100 has-width \">\n        <div class=\"icon-wrap\">\n            <i class=\"fas fa-location-arrow\"><\/i>\n        <\/div>\n        <h3 class=\"heading\">Endere\u00e7o<\/h3>\n        <div class=\"desc\"><p>R. Tanajuras, 5 &#8211; S\u00e3o Crist\u00f3v\u00e3o, Queimados &#8211; RJ<\/p>\n<\/div>\n    <\/div>\n\n[vc_empty_space height=&#8221;25px&#8221;]\n    <div class=\"wprt-icon-box style-5 clearfix icon-left w50 accent-outline outline-type align-left rounded-100 has-width \">\n        <div class=\"icon-wrap\">\n            <i class=\"rt-icon-chat\"><\/i>\n        <\/div>\n        <h3 class=\"heading\">Contato<\/h3>\n        <div class=\"desc\"><p>Telefone:\u00a0 \u00a0 (21) 2663-2448<br \/>\nWhatsApp: (21) 99522-2160<\/p>\n<\/div>\n    <\/div>\n\n[vc_empty_space height=&#8221;25px&#8221;][\/vc_column][vc_column width=&#8221;2\/4&#8243;]\n    <div class=\"wprt-headings style-1 clearfix text-left \">\n        <h3 class=\"heading \" >Entre em Contato Conosco<\/h3>\n                    <div class=\"sep clearfix\"><\/div>\n        \n            <\/div>\n        \n[vc_empty_space height=&#8221;40px&#8221;]\n<div class=\"wpcf7 no-js\" id=\"wpcf7-f797-o1\" lang=\"en-US\" dir=\"ltr\">\n<div class=\"screen-reader-response\"><p role=\"status\" aria-live=\"polite\" aria-atomic=\"true\"><\/p> <ul><\/ul><\/div>\n<form action=\"\/queimados\/wp-json\/wp\/v2\/pages\/68#wpcf7-f797-o1\" method=\"post\" class=\"wpcf7-form init\" aria-label=\"Contact form\" novalidate=\"novalidate\" data-status=\"init\">\n<div style=\"display: none;\">\n<input type=\"hidden\" name=\"_wpcf7\" value=\"797\" \/>\n<input type=\"hidden\" name=\"_wpcf7_version\" value=\"5.8.7\" \/>\n<input type=\"hidden\" name=\"_wpcf7_locale\" value=\"en_US\" \/>\n<input type=\"hidden\" name=\"_wpcf7_unit_tag\" value=\"wpcf7-f797-o1\" \/>\n<input type=\"hidden\" name=\"_wpcf7_container_post\" value=\"0\" \/>\n<input type=\"hidden\" name=\"_wpcf7_posted_data_hash\" value=\"\" \/>\n<\/div>\n<div class=\"wprt-contact-form style-1 margin-top-10\">\n\t<p><span class=\"wpcf7-form-control-wrap\" data-name=\"your-name\"><input size=\"40\" class=\"wpcf7-form-control wpcf7-text wpcf7-validates-as-required\" aria-required=\"true\" aria-invalid=\"false\" placeholder=\"Nome *\" value=\"\" type=\"text\" name=\"your-name\" \/><\/span><br \/>\n<span class=\"wpcf7-form-control-wrap\" data-name=\"your-email\"><input size=\"40\" class=\"wpcf7-form-control wpcf7-email wpcf7-validates-as-required wpcf7-text wpcf7-validates-as-email\" aria-required=\"true\" aria-invalid=\"false\" placeholder=\"Email *\" value=\"\" type=\"email\" name=\"your-email\" \/><\/span><br \/>\n<span class=\"wpcf7-form-control-wrap\" data-name=\"your-tel\"><input size=\"40\" class=\"wpcf7-form-control wpcf7-tel wpcf7-validates-as-required wpcf7-text wpcf7-validates-as-tel\" aria-required=\"true\" aria-invalid=\"false\" placeholder=\"Telefone\/WhatsApp *\" value=\"\" type=\"tel\" name=\"your-tel\" \/><\/span><br \/>\n<span class=\"wpcf7-form-control-wrap\" data-name=\"your-subject\"><input size=\"40\" class=\"wpcf7-form-control wpcf7-text\" aria-invalid=\"false\" placeholder=\"Assunto *\" value=\"\" type=\"text\" name=\"your-subject\" \/><\/span><br \/>\n<span class=\"wpcf7-form-control-wrap\" data-name=\"your-message\"><textarea cols=\"40\" rows=\"10\" class=\"wpcf7-form-control wpcf7-textarea wpcf7-validates-as-required\" aria-required=\"true\" aria-invalid=\"false\" placeholder=\"Mensagem *\" name=\"your-message\"><\/textarea><\/span><br \/>\n<input class=\"wpcf7-form-control wpcf7-submit has-spinner submit\" type=\"submit\" value=\"Enviar Mensagem\" \/>\n\t<\/p>\n<\/div><div class=\"wpcf7-response-output\" aria-hidden=\"true\"><\/div>\n<\/form>\n<\/div>\n[\/vc_column][vc_column width=&#8221;1\/6&#8243;][\/vc_column][\/vc_row][vc_row css=&#8221;.vc_custom_1532596692360{padding-bottom: 90px !important;}&#8221;][vc_column offset=&#8221;vc_col-md-4&#8243;][\/vc_column][vc_column offset=&#8221;vc_col-md-8&#8243;][vc_column_text]<\/p>\n<div class=\"wprt-spacer clearfix\" style=\"height: 35px;\" data-desktop=\"0\" data-mobi=\"35\" data-smobi=\"35\"><\/div>\n<p>[\/vc_column_text][\/vc_column][\/vc_row]<\/p>\n","protected":false},"excerpt":{"rendered":"<p>[vc_row][vc_column width=&#8221;1\/4&#8243;][vc_empty_space height=&#8221;40px&#8221;][vc_empty_space height=&#8221;25px&#8221;][vc_empty_space height=&#8221;25px&#8221;][\/vc_column][vc_column width=&#8221;2\/4&#8243;][vc_empty_space height=&#8221;40px&#8221;][\/vc_column][vc_column width=&#8221;1\/6&#8243;][\/vc_column][\/vc_row][vc_row css=&#8221;.vc_custom_1532596692360{padding-bottom: 90px !important;}&#8221;][vc_column offset=&#8221;vc_col-md-4&#8243;][\/vc_column][vc_column offset=&#8221;vc_col-md-8&#8243;][vc_column_text] [\/vc_column_text][\/vc_column][\/vc_row]<\/p>\n","protected":false},"author":1,"featured_media":0,"parent":0,"menu_order":0,"comment_status":"closed","ping_status":"closed","template":"page-templates\/template-fullwidth.php","meta":{"footnotes":""},"class_list":["post-68","page","type-page","status-publish","hentry"],"_links":{"self":[{"href":"https:\/\/www.g3inspecaognv.com.br\/queimados\/wp-json\/wp\/v2\/pages\/68","targetHints":{"allow":["GET"]}}],"collection":[{"href":"https:\/\/www.g3inspecaognv.com.br\/queimados\/wp-json\/wp\/v2\/pages"}],"about":[{"href":"https:\/\/www.g3inspecaognv.com.br\/queimados\/wp-json\/wp\/v2\/types\/page"}],"author":[{"embeddable":true,"href":"https:\/\/www.g3inspecaognv.com.br\/queimados\/wp-json\/wp\/v2\/users\/1"}],"replies":[{"embeddable":true,"href":"https:\/\/www.g3inspecaognv.com.br\/queimados\/wp-json\/wp\/v2\/comments?post=68"}],"version-history":[{"count":7,"href":"https:\/\/www.g3inspecaognv.com.br\/queimados\/wp-json\/wp\/v2\/pages\/68\/revisions"}],"predecessor-version":[{"id":1090,"href":"https:\/\/www.g3inspecaognv.com.br\/queimados\/wp-json\/wp\/v2\/pages\/68\/revisions\/1090"}],"wp:attachment":[{"href":"https:\/\/www.g3inspecaognv.com.br\/queimados\/wp-json\/wp\/v2\/media?parent=68"}],"curies":[{"name":"wp","href":"https:\/\/api.w.org\/{rel}","templated":true}]}}