{"id":219,"date":"2018-08-03T10:22:45","date_gmt":"2018-08-03T13:22:45","guid":{"rendered":"http:\/\/localhost\/autoser\/?page_id=219"},"modified":"2022-09-05T15:46:20","modified_gmt":"2022-09-05T18:46:20","slug":"empresa","status":"publish","type":"page","link":"https:\/\/www.g3inspecaognv.com.br\/paracambi\/empresa\/","title":{"rendered":"Empresa"},"content":{"rendered":"<p>[vc_row][vc_column]    \n    <div class=\"wprt-images-grid \" data-layout=\"slider\" data-column=\"1\" data-column2=\"1\" data-column3=\"1\" data-column4=\"1\" data-gaph=\"30\" data-gapv=\"30\">\n        <div id=\"images-wrap\" class=\"cbp\">\n                            <div class=\"cbp-item\">\n                    <div class=\"item-wrap\">\n                        <a class=\"zoom-popup\" href=\"https:\/\/www.g3inspecaognv.com.br\/paracambi\/wp-content\/uploads\/2022\/08\/07.jpg\"><i class=\"rt-icon-zoom-in-2\"><\/i><\/a>\n                        <img decoding=\"async\" src=\"https:\/\/www.g3inspecaognv.com.br\/paracambi\/wp-content\/uploads\/2022\/08\/07.jpg\" alt=\"\" \/>\n                    <\/div>\n                <\/div>\n                            <div class=\"cbp-item\">\n                    <div class=\"item-wrap\">\n                        <a class=\"zoom-popup\" href=\"https:\/\/www.g3inspecaognv.com.br\/paracambi\/wp-content\/uploads\/2022\/08\/06.jpg\"><i class=\"rt-icon-zoom-in-2\"><\/i><\/a>\n                        <img decoding=\"async\" src=\"https:\/\/www.g3inspecaognv.com.br\/paracambi\/wp-content\/uploads\/2022\/08\/06.jpg\" alt=\"\" \/>\n                    <\/div>\n                <\/div>\n                            <div class=\"cbp-item\">\n                    <div class=\"item-wrap\">\n                        <a class=\"zoom-popup\" href=\"https:\/\/www.g3inspecaognv.com.br\/paracambi\/wp-content\/uploads\/2022\/08\/05.jpg\"><i class=\"rt-icon-zoom-in-2\"><\/i><\/a>\n                        <img decoding=\"async\" src=\"https:\/\/www.g3inspecaognv.com.br\/paracambi\/wp-content\/uploads\/2022\/08\/05.jpg\" alt=\"\" \/>\n                    <\/div>\n                <\/div>\n                            <div class=\"cbp-item\">\n                    <div class=\"item-wrap\">\n                        <a class=\"zoom-popup\" href=\"https:\/\/www.g3inspecaognv.com.br\/paracambi\/wp-content\/uploads\/2022\/08\/04.jpg\"><i class=\"rt-icon-zoom-in-2\"><\/i><\/a>\n                        <img decoding=\"async\" src=\"https:\/\/www.g3inspecaognv.com.br\/paracambi\/wp-content\/uploads\/2022\/08\/04.jpg\" alt=\"\" \/>\n                    <\/div>\n                <\/div>\n                            <div class=\"cbp-item\">\n                    <div class=\"item-wrap\">\n                        <a class=\"zoom-popup\" href=\"https:\/\/www.g3inspecaognv.com.br\/paracambi\/wp-content\/uploads\/2022\/08\/03.jpg\"><i class=\"rt-icon-zoom-in-2\"><\/i><\/a>\n                        <img decoding=\"async\" src=\"https:\/\/www.g3inspecaognv.com.br\/paracambi\/wp-content\/uploads\/2022\/08\/03.jpg\" alt=\"\" \/>\n                    <\/div>\n                <\/div>\n                            <div class=\"cbp-item\">\n                    <div class=\"item-wrap\">\n                        <a class=\"zoom-popup\" href=\"https:\/\/www.g3inspecaognv.com.br\/paracambi\/wp-content\/uploads\/2022\/08\/02.jpg\"><i class=\"rt-icon-zoom-in-2\"><\/i><\/a>\n                        <img decoding=\"async\" src=\"https:\/\/www.g3inspecaognv.com.br\/paracambi\/wp-content\/uploads\/2022\/08\/02.jpg\" alt=\"\" \/>\n                    <\/div>\n                <\/div>\n                            <div class=\"cbp-item\">\n                    <div class=\"item-wrap\">\n                        <a class=\"zoom-popup\" href=\"https:\/\/www.g3inspecaognv.com.br\/paracambi\/wp-content\/uploads\/2022\/08\/01-1.jpg\"><i class=\"rt-icon-zoom-in-2\"><\/i><\/a>\n                        <img decoding=\"async\" src=\"https:\/\/www.g3inspecaognv.com.br\/paracambi\/wp-content\/uploads\/2022\/08\/01-1.jpg\" alt=\"\" \/>\n                    <\/div>\n                <\/div>\n                    <\/div>\n    <\/div>\n\n[\/vc_column][\/vc_row][vc_row][vc_column][vc_empty_space height=&#8221;50px&#8221;][vc_column_text]<\/p>\n<div class=\"wprt-spacer clearfix\" data-desktop=\"30\" data-mobi=\"30\" data-smobi=\"30\"><\/div>\n<h3>G3 &#8211; Unidade Paracambi<\/h3>\n<p>Localizada no munic\u00edpio de Paracambi, a G3 &#8211; Inspe\u00e7\u00e3o de Seguran\u00e7a Veicular \u00e9 uma institui\u00e7\u00e3o t\u00e9cnica de inspe\u00e7\u00e3o acreditada pelo INMETRO e licenciada pelo DENATRAN, apta para emitir o CI (Certificado de Inspe\u00e7\u00e3o) e CSV (Certificado de Seguran\u00e7a Veicular), comprometida com a satisfa\u00e7\u00e3o do cliente e contribuindo para a melhoria da seguran\u00e7a veicular e controle ambiental.<\/p>\n<p>A empresa possui modernos equipamentos, auditados e calibrados periodicamente, e equipe t\u00e9cnica altamente qualificada e mant\u00e9m sistema de gest\u00e3o da qualidade que atende aos requisitos na norma ABNT NBR ISO\/IEC 17020.<\/p>\n<p>A G3 conta com um quadro t\u00e9cnico especializado composto por engenheiros e t\u00e9cnicos mec\u00e2nicos qualificados. Todos os profissionais est\u00e3o devidamente registrados no conselho da classe (CREA-RJ\/CFT-RJ) e atendem aos requisitos para realiza\u00e7\u00e3o de atividades de inspe\u00e7\u00e3o veicular.<\/p>\n<div class=\"wprt-spacer clearfix\" data-desktop=\"10\" data-mobi=\"10\" data-smobi=\"10\"><\/div>\n<p>[\/vc_column_text][vc_empty_space height=&#8221;50px&#8221;]\n    <div class=\"wprt-accordions style-2 \">\n                <div class=\"accordion-item no-icon active\">\n            <h3 class=\"accordion-heading\">\n                <span class=\"inner\">Miss\u00e3o<\/span>\n            <\/h3>\n            <div class=\"accordion-content\">\n                <p>   Prestar servi\u00e7os de inspe\u00e7\u00e3o de seguran\u00e7a veicular oferecendo a todos os clientes um grau de satisfa\u00e7\u00e3o e confiabilidade superiores aos encontrados no mercado, agindo com responsabilidade social, respeitando o indiv\u00edduo, a sociedade e o meio ambiente com alto n\u00edvel de seriedade e profissionalismo..<\/p>            <\/div>\n        <\/div>\n                <div class=\"accordion-item no-icon active\">\n            <h3 class=\"accordion-heading\">\n                <span class=\"inner\">Vis\u00e3o<\/span>\n            <\/h3>\n            <div class=\"accordion-content\">\n                Ser refer\u00eancia como uma empresa de servi\u00e7os de inspe\u00e7\u00e3o de seguran\u00e7a veicular buscando a satisfa\u00e7\u00e3o dos clientes e colaboradores.            <\/div>\n        <\/div>\n                <div class=\"accordion-item no-icon active\">\n            <h3 class=\"accordion-heading\">\n                <span class=\"inner\">Valores<\/span>\n            <\/h3>\n            <div class=\"accordion-content\">\n                <div class=\"wprt-list clearfix icon-left icon-top style-2\">\n<div class=\"inner\">\n<span class=\"icon-wrap\">\n<span class=\"icon\"><i class=\"fa fa-check-square-o text-accent-color\"><\/i><\/span>\n<span class=\"text font-size-15\">Credibilidade<\/span>\n<\/span>\n<\/div>\n<\/div>\n\n<div class=\"wprt-list clearfix icon-left icon-top style-2\">\n<div class=\"inner\">\n<span class=\"icon-wrap\">\n<span class=\"icon\"><i class=\"fa fa-check-square-o text-accent-color\"><\/i><\/span>\n<span class=\"text font-size-15\">Excel\u00eancia<\/span>\n<\/span>\n<\/div>\n<\/div>\n\n<div class=\"wprt-list clearfix icon-left icon-top style-2\">\n<div class=\"inner\">\n<span class=\"icon-wrap\">\n<span class=\"icon\"><i class=\"fa fa-check-square-o text-accent-color\"><\/i><\/span>\n<span class=\"text font-size-15\">Integridade<\/span>\n<\/span>\n<\/div>\n<\/div>\n\n<div class=\"wprt-list clearfix icon-left icon-top style-2\">\n<div class=\"inner\">\n<span class=\"icon-wrap\">\n<span class=\"icon\"><i class=\"fa fa-check-square-o text-accent-color\"><\/i><\/span>\n<span class=\"text font-size-15\">Respeito ao Meio Ambiente<\/span>\n<\/span>\n<\/div>\n<\/div>\n\n<div class=\"wprt-list clearfix icon-left icon-top style-2\">\n<div class=\"inner\">\n<span class=\"icon-wrap\">\n<span class=\"icon\"><i class=\"fa fa-check-square-o text-accent-color\"><\/i><\/span>\n<span class=\"text font-size-15\">Valoriza\u00e7\u00e3o das Pessoas<\/span>\n<\/span>\n<\/div>\n<\/div>            <\/div>\n        <\/div>\n            <\/div>\n        \n[vc_empty_space height=&#8221;50px&#8221;]\n    <div class=\"wprt-headings style-1 clearfix text-center \">\n        <h2 class=\"heading \" >Conhe\u00e7a nossa equipe<\/h2>\n                    <div class=\"sep clearfix\"><\/div>\n        \n                    <div class=\"sub-heading clearfix\"><p>Nossos profissionais s\u00e3o capacitados para realizar todos os processos necess\u00e1rios para seu veiculo.<\/p>\n<\/div>\n            <\/div>\n        \n[vc_empty_space height=&#8221;20px&#8221;]  \n    \n    <div class=\"wprt-team \" data-auto=\"false\" data-column=\"4\" data-column2=\"2\" data-column3=\"1\" data-gap=\"30\">\n        <div id=\"team-wrap\" class=\"owl-carousel owl-theme\">\n            \n            <div class=\"team-item clearfix\">\n                <div class=\"inner\">\n                    <div class=\"thumb\">\n                        <img loading=\"lazy\" decoding=\"async\" width=\"1080\" height=\"1080\" src=\"https:\/\/www.g3inspecaognv.com.br\/paracambi\/wp-content\/uploads\/2018\/08\/Karina-Auxiliar-Administrativa.jpg\" class=\"attachment-post-thumbnail size-post-thumbnail wp-post-image\" alt=\"\" srcset=\"https:\/\/www.g3inspecaognv.com.br\/paracambi\/wp-content\/uploads\/2018\/08\/Karina-Auxiliar-Administrativa.jpg 1080w, https:\/\/www.g3inspecaognv.com.br\/paracambi\/wp-content\/uploads\/2018\/08\/Karina-Auxiliar-Administrativa-300x300.jpg 300w, https:\/\/www.g3inspecaognv.com.br\/paracambi\/wp-content\/uploads\/2018\/08\/Karina-Auxiliar-Administrativa-1024x1024.jpg 1024w, https:\/\/www.g3inspecaognv.com.br\/paracambi\/wp-content\/uploads\/2018\/08\/Karina-Auxiliar-Administrativa-150x150.jpg 150w, https:\/\/www.g3inspecaognv.com.br\/paracambi\/wp-content\/uploads\/2018\/08\/Karina-Auxiliar-Administrativa-768x768.jpg 768w, https:\/\/www.g3inspecaognv.com.br\/paracambi\/wp-content\/uploads\/2018\/08\/Karina-Auxiliar-Administrativa-70x70.jpg 70w\" sizes=\"auto, (max-width: 1080px) 100vw, 1080px\" \/>                        <ul class=\"socials clearfix\">\n                                                    <\/ul>\n                    <\/div><!-- \/.thumb -->\n\n                    <div class=\"text-wrap\">\n                        <h4 class=\"name\">Karina<\/h4>\n                        <div class=\"position\">Auxiliar Administrativo<\/div>\n                    <\/div>\n                <\/div>\n            <\/div>\n\n            \n            <div class=\"team-item clearfix\">\n                <div class=\"inner\">\n                    <div class=\"thumb\">\n                        <img loading=\"lazy\" decoding=\"async\" width=\"1080\" height=\"1080\" src=\"https:\/\/www.g3inspecaognv.com.br\/paracambi\/wp-content\/uploads\/2018\/08\/Felippe-Inspetor-Tecnico.jpg\" class=\"attachment-post-thumbnail size-post-thumbnail wp-post-image\" alt=\"\" srcset=\"https:\/\/www.g3inspecaognv.com.br\/paracambi\/wp-content\/uploads\/2018\/08\/Felippe-Inspetor-Tecnico.jpg 1080w, https:\/\/www.g3inspecaognv.com.br\/paracambi\/wp-content\/uploads\/2018\/08\/Felippe-Inspetor-Tecnico-300x300.jpg 300w, https:\/\/www.g3inspecaognv.com.br\/paracambi\/wp-content\/uploads\/2018\/08\/Felippe-Inspetor-Tecnico-1024x1024.jpg 1024w, https:\/\/www.g3inspecaognv.com.br\/paracambi\/wp-content\/uploads\/2018\/08\/Felippe-Inspetor-Tecnico-150x150.jpg 150w, https:\/\/www.g3inspecaognv.com.br\/paracambi\/wp-content\/uploads\/2018\/08\/Felippe-Inspetor-Tecnico-768x768.jpg 768w, https:\/\/www.g3inspecaognv.com.br\/paracambi\/wp-content\/uploads\/2018\/08\/Felippe-Inspetor-Tecnico-70x70.jpg 70w\" sizes=\"auto, (max-width: 1080px) 100vw, 1080px\" \/>                        <ul class=\"socials clearfix\">\n                                                    <\/ul>\n                    <\/div><!-- \/.thumb -->\n\n                    <div class=\"text-wrap\">\n                        <h4 class=\"name\">Felippe<\/h4>\n                        <div class=\"position\">Inspetor T\u00e9cnico<\/div>\n                    <\/div>\n                <\/div>\n            <\/div>\n\n            \n            <div class=\"team-item clearfix\">\n                <div class=\"inner\">\n                    <div class=\"thumb\">\n                        <img loading=\"lazy\" decoding=\"async\" width=\"1080\" height=\"1080\" src=\"https:\/\/www.g3inspecaognv.com.br\/paracambi\/wp-content\/uploads\/2018\/08\/Rondinely-Inspetor-Tecnico.jpg\" class=\"attachment-post-thumbnail size-post-thumbnail wp-post-image\" alt=\"\" srcset=\"https:\/\/www.g3inspecaognv.com.br\/paracambi\/wp-content\/uploads\/2018\/08\/Rondinely-Inspetor-Tecnico.jpg 1080w, https:\/\/www.g3inspecaognv.com.br\/paracambi\/wp-content\/uploads\/2018\/08\/Rondinely-Inspetor-Tecnico-300x300.jpg 300w, https:\/\/www.g3inspecaognv.com.br\/paracambi\/wp-content\/uploads\/2018\/08\/Rondinely-Inspetor-Tecnico-1024x1024.jpg 1024w, https:\/\/www.g3inspecaognv.com.br\/paracambi\/wp-content\/uploads\/2018\/08\/Rondinely-Inspetor-Tecnico-150x150.jpg 150w, https:\/\/www.g3inspecaognv.com.br\/paracambi\/wp-content\/uploads\/2018\/08\/Rondinely-Inspetor-Tecnico-768x768.jpg 768w, https:\/\/www.g3inspecaognv.com.br\/paracambi\/wp-content\/uploads\/2018\/08\/Rondinely-Inspetor-Tecnico-70x70.jpg 70w\" sizes=\"auto, (max-width: 1080px) 100vw, 1080px\" \/>                        <ul class=\"socials clearfix\">\n                                                    <\/ul>\n                    <\/div><!-- \/.thumb -->\n\n                    <div class=\"text-wrap\">\n                        <h4 class=\"name\">Rondinely<\/h4>\n                        <div class=\"position\">Inspetor T\u00e9cnico<\/div>\n                    <\/div>\n                <\/div>\n            <\/div>\n\n            \n            <div class=\"team-item clearfix\">\n                <div class=\"inner\">\n                    <div class=\"thumb\">\n                        <img loading=\"lazy\" decoding=\"async\" width=\"1080\" height=\"1080\" src=\"https:\/\/www.g3inspecaognv.com.br\/paracambi\/wp-content\/uploads\/2018\/08\/Wallace-Inspetor-Tecnico.jpg\" class=\"attachment-post-thumbnail size-post-thumbnail wp-post-image\" alt=\"\" srcset=\"https:\/\/www.g3inspecaognv.com.br\/paracambi\/wp-content\/uploads\/2018\/08\/Wallace-Inspetor-Tecnico.jpg 1080w, https:\/\/www.g3inspecaognv.com.br\/paracambi\/wp-content\/uploads\/2018\/08\/Wallace-Inspetor-Tecnico-300x300.jpg 300w, https:\/\/www.g3inspecaognv.com.br\/paracambi\/wp-content\/uploads\/2018\/08\/Wallace-Inspetor-Tecnico-1024x1024.jpg 1024w, https:\/\/www.g3inspecaognv.com.br\/paracambi\/wp-content\/uploads\/2018\/08\/Wallace-Inspetor-Tecnico-150x150.jpg 150w, https:\/\/www.g3inspecaognv.com.br\/paracambi\/wp-content\/uploads\/2018\/08\/Wallace-Inspetor-Tecnico-768x768.jpg 768w, https:\/\/www.g3inspecaognv.com.br\/paracambi\/wp-content\/uploads\/2018\/08\/Wallace-Inspetor-Tecnico-70x70.jpg 70w\" sizes=\"auto, (max-width: 1080px) 100vw, 1080px\" \/>                        <ul class=\"socials clearfix\">\n                                                    <\/ul>\n                    <\/div><!-- \/.thumb -->\n\n                    <div class=\"text-wrap\">\n                        <h4 class=\"name\">Wallace<\/h4>\n                        <div class=\"position\">Inspetor T\u00e9cnico<\/div>\n                    <\/div>\n                <\/div>\n            <\/div>\n\n            \n            <div class=\"team-item clearfix\">\n                <div class=\"inner\">\n                    <div class=\"thumb\">\n                        <img loading=\"lazy\" decoding=\"async\" width=\"1080\" height=\"1080\" src=\"https:\/\/www.g3inspecaognv.com.br\/paracambi\/wp-content\/uploads\/2022\/09\/Ivonete-Auxiliar-de-Limpeza.jpg\" class=\"attachment-post-thumbnail size-post-thumbnail wp-post-image\" alt=\"\" srcset=\"https:\/\/www.g3inspecaognv.com.br\/paracambi\/wp-content\/uploads\/2022\/09\/Ivonete-Auxiliar-de-Limpeza.jpg 1080w, https:\/\/www.g3inspecaognv.com.br\/paracambi\/wp-content\/uploads\/2022\/09\/Ivonete-Auxiliar-de-Limpeza-300x300.jpg 300w, https:\/\/www.g3inspecaognv.com.br\/paracambi\/wp-content\/uploads\/2022\/09\/Ivonete-Auxiliar-de-Limpeza-1024x1024.jpg 1024w, https:\/\/www.g3inspecaognv.com.br\/paracambi\/wp-content\/uploads\/2022\/09\/Ivonete-Auxiliar-de-Limpeza-150x150.jpg 150w, https:\/\/www.g3inspecaognv.com.br\/paracambi\/wp-content\/uploads\/2022\/09\/Ivonete-Auxiliar-de-Limpeza-768x768.jpg 768w, https:\/\/www.g3inspecaognv.com.br\/paracambi\/wp-content\/uploads\/2022\/09\/Ivonete-Auxiliar-de-Limpeza-70x70.jpg 70w\" sizes=\"auto, (max-width: 1080px) 100vw, 1080px\" \/>                        <ul class=\"socials clearfix\">\n                                                    <\/ul>\n                    <\/div><!-- \/.thumb -->\n\n                    <div class=\"text-wrap\">\n                        <h4 class=\"name\">Ivonete<\/h4>\n                        <div class=\"position\">Auxiliar de Limpeza<\/div>\n                    <\/div>\n                <\/div>\n            <\/div>\n\n                    <\/div>\n    <\/div>\n\n[vc_empty_space height=&#8221;100px&#8221;][\/vc_column][\/vc_row]<\/p>\n","protected":false},"excerpt":{"rendered":"<p>[vc_row][vc_column][\/vc_column][\/vc_row][vc_row][vc_column][vc_empty_space height=&#8221;50px&#8221;][vc_column_text] G3 &#8211; Unidade Paracambi Localizada no munic\u00edpio de Paracambi, a G3 &#8211; Inspe\u00e7\u00e3o de Seguran\u00e7a Veicular \u00e9 uma institui\u00e7\u00e3o t\u00e9cnica de inspe\u00e7\u00e3o acreditada pelo INMETRO e licenciada pelo DENATRAN, apta para emitir o CI (Certificado de Inspe\u00e7\u00e3o) e CSV (Certificado de Seguran\u00e7a Veicular), comprometida com a satisfa\u00e7\u00e3o do cliente e contribuindo para a [&hellip;]<\/p>\n","protected":false},"author":1,"featured_media":0,"parent":0,"menu_order":0,"comment_status":"closed","ping_status":"closed","template":"page-templates\/template-fullwidth.php","meta":{"footnotes":""},"class_list":["post-219","page","type-page","status-publish","hentry"],"_links":{"self":[{"href":"https:\/\/www.g3inspecaognv.com.br\/paracambi\/wp-json\/wp\/v2\/pages\/219","targetHints":{"allow":["GET"]}}],"collection":[{"href":"https:\/\/www.g3inspecaognv.com.br\/paracambi\/wp-json\/wp\/v2\/pages"}],"about":[{"href":"https:\/\/www.g3inspecaognv.com.br\/paracambi\/wp-json\/wp\/v2\/types\/page"}],"author":[{"embeddable":true,"href":"https:\/\/www.g3inspecaognv.com.br\/paracambi\/wp-json\/wp\/v2\/users\/1"}],"replies":[{"embeddable":true,"href":"https:\/\/www.g3inspecaognv.com.br\/paracambi\/wp-json\/wp\/v2\/comments?post=219"}],"version-history":[{"count":10,"href":"https:\/\/www.g3inspecaognv.com.br\/paracambi\/wp-json\/wp\/v2\/pages\/219\/revisions"}],"predecessor-version":[{"id":1112,"href":"https:\/\/www.g3inspecaognv.com.br\/paracambi\/wp-json\/wp\/v2\/pages\/219\/revisions\/1112"}],"wp:attachment":[{"href":"https:\/\/www.g3inspecaognv.com.br\/paracambi\/wp-json\/wp\/v2\/media?parent=219"}],"curies":[{"name":"wp","href":"https:\/\/api.w.org\/{rel}","templated":true}]}}